{"id":59,"date":"2016-08-25T13:40:18","date_gmt":"2016-08-25T12:40:18","guid":{"rendered":"http:\/\/le-chaf.be\/?page_id=59"},"modified":"2024-03-20T19:50:48","modified_gmt":"2024-03-20T18:50:48","slug":"nous-aider","status":"publish","type":"page","link":"https:\/\/le-chaf.be\/index.php\/nous-aider\/","title":{"rendered":"Nous aider"},"content":{"rendered":"<p>Notre A.S.B.L. est subsidi\u00e9e et agr\u00e9\u00e9e par l&rsquo;AVIQ. Mais nous savons que cet argent n&rsquo;est pas suffisant pour nous aider au quotidien dans le renouvellement du mat\u00e9riel.<\/p>\n<p>Vous pouvez nous aider :<img loading=\"lazy\" decoding=\"async\" class=\"alignnone size-full wp-image-60\" src=\"https:\/\/le-chaf.be\/wp-content\/uploads\/2016\/08\/mains.jpg\" alt=\"mains\" width=\"156\" height=\"138\" \/><\/p>\n<p><strong>par des dons<\/strong> (qui sont d\u00e9ductibles des imp\u00f4ts au-del\u00e0 de 40\u20ac)<\/p>\n<ul>\n<li>soit en r\u00e9alisant un versement libre<\/li>\n<li>soit sur base d&rsquo;un projet qui vous tient \u00e0 c\u0153ur (achat de couette, changement de minibus, renouvellement des peintures&#8230;)<\/li>\n<\/ul>\n<p>***<\/p>\n<p><strong>Par parrainage<\/strong>\u00a0(<u>parlez-en\u00a0\u00e0 vos proches)<\/u> :<\/p>\n<p>En versant <strong>par mois<\/strong> la somme de <strong>3,5 \u20ac<\/strong><\/p>\n<p><em>Sur un an vous aurez atteint 40\u20ac<\/em><\/p>\n<p>&nbsp;<\/p>\n<p>Au compte\u00a0bancaire du CHAF :<\/p>\n<p><strong>BE56 0013 2518 4088<\/strong><\/p>\n<p>Avec la communication\u00a0:<\/p>\n<p><strong>\u00ab\u00a0Don pour le CHAF\u00a0\u00bb <\/strong><\/p>\n<p>***<\/p>\n<p>Via un legs en duo<\/p>\n<p><em>(Renseignement chez le notaire gratuit)<\/em><\/p>\n","protected":false},"excerpt":{"rendered":"<p>Notre A.S.B.L. est subsidi\u00e9e et agr\u00e9\u00e9e par l&rsquo;AVIQ. Mais nous savons que cet argent n&rsquo;est pas suffisant pour nous aider au quotidien dans le renouvellement du mat\u00e9riel. Vous pouvez nous aider : par des dons (qui sont d\u00e9ductibles des imp\u00f4ts au-del\u00e0 de 40\u20ac) soit en r\u00e9alisant un versement libre soit sur base d&rsquo;un projet qui&hellip; <a class=\"more-link\" href=\"https:\/\/le-chaf.be\/index.php\/nous-aider\/\">Read More <span class=\"screen-reader-text\">Nous aider<\/span><\/a><\/p>\n","protected":false},"author":1,"featured_media":0,"parent":0,"menu_order":0,"comment_status":"closed","ping_status":"closed","template":"","meta":{"footnotes":""},"class_list":["post-59","page","type-page","status-publish","hentry"],"_links":{"self":[{"href":"https:\/\/le-chaf.be\/index.php\/wp-json\/wp\/v2\/pages\/59","targetHints":{"allow":["GET"]}}],"collection":[{"href":"https:\/\/le-chaf.be\/index.php\/wp-json\/wp\/v2\/pages"}],"about":[{"href":"https:\/\/le-chaf.be\/index.php\/wp-json\/wp\/v2\/types\/page"}],"author":[{"embeddable":true,"href":"https:\/\/le-chaf.be\/index.php\/wp-json\/wp\/v2\/users\/1"}],"replies":[{"embeddable":true,"href":"https:\/\/le-chaf.be\/index.php\/wp-json\/wp\/v2\/comments?post=59"}],"version-history":[{"count":1,"href":"https:\/\/le-chaf.be\/index.php\/wp-json\/wp\/v2\/pages\/59\/revisions"}],"predecessor-version":[{"id":62,"href":"https:\/\/le-chaf.be\/index.php\/wp-json\/wp\/v2\/pages\/59\/revisions\/62"}],"wp:attachment":[{"href":"https:\/\/le-chaf.be\/index.php\/wp-json\/wp\/v2\/media?parent=59"}],"curies":[{"name":"wp","href":"https:\/\/api.w.org\/{rel}","templated":true}]}}