{"id":56,"date":"2016-08-25T13:31:11","date_gmt":"2016-08-25T12:31:11","guid":{"rendered":"http:\/\/le-chaf.be\/?page_id=56"},"modified":"2024-03-20T19:53:16","modified_gmt":"2024-03-20T18:53:16","slug":"nous-contacter","status":"publish","type":"page","link":"https:\/\/le-chaf.be\/index.php\/nous-contacter\/","title":{"rendered":"Nous contacter"},"content":{"rendered":"<p><em><strong>Localisation<\/strong><\/em><\/p>\n<p style=\"text-align: center;\">Rue Jules Maltaux 62B\u00a0 \u00a0 \u00a0 6240 Farciennes<\/p>\n<p style=\"text-align: center;\"><div id=\"wpgmza_map\" class=\"wpgmza_map\" data-settings='{\"id\":\"1\",\"map_title\":\"Le CHAF\",\"map_width\":\"100\",\"map_height\":\"400\",\"map_start_lat\":\"50.427197\",\"map_start_lng\":\"4.555160\",\"map_start_location\":\"50.427197,4.555160000000001\",\"map_start_zoom\":\"16\",\"default_marker\":\"0\",\"type\":\"3\",\"alignment\":\"2\",\"directions_enabled\":\"1\",\"styling_enabled\":\"0\",\"styling_json\":\"\",\"active\":\"0\",\"kml\":\"\",\"bicycle\":\"0\",\"traffic\":\"0\",\"dbox\":\"1\",\"dbox_width\":\"100\",\"listmarkers\":\"0\",\"listmarkers_advanced\":\"0\",\"filterbycat\":\"0\",\"ugm_enabled\":\"0\",\"ugm_category_enabled\":\"0\",\"fusion\":\"\",\"map_width_type\":\"\\\\%\",\"map_height_type\":\"px\",\"mass_marker_support\":\"1\",\"ugm_access\":\"0\",\"order_markers_by\":\"1\",\"order_markers_choice\":\"2\",\"show_user_location\":\"0\",\"default_to\":\"\",\"other_settings\":{\"store_locator_enabled\":2,\"store_locator_distance\":2,\"store_locator_default_radius\":\"10\",\"store_locator_not_found_message\":\"No results found in this location. Please try again.\",\"store_locator_bounce\":1,\"store_locator_query_string\":\"Code Postal \\\/ Adresse\",\"store_locator_default_address\":\"62 Rue Jules Maltaux 6240 Farciennes\",\"wpgmza_store_locator_restrict\":\"be\",\"store_locator_style\":\"legacy\",\"wpgmza_store_locator_radius_style\":\"legacy\",\"map_max_zoom\":\"1\",\"transport_layer\":0,\"wpgmza_theme_data\":\"[ \\\\\\\"visibility\\\\\\\", \\\\\\\"invert_lightness\\\\\\\", \\\\\\\"color\\\\\\\", \\\\\\\"weight\\\\\\\", \\\\\\\"hue\\\\\\\", \\\\\\\"saturation\\\\\\\", \\\\\\\"lightness\\\\\\\", \\\\\\\"gamma\\\\\\\"]\",\"wpgmza_theme_selection\":0,\"wpgmza_show_points_of_interest\":1}}' data-map-id='1' Data-maps-engine='google-maps' data-shortcode-attributes='{\"id\":\"1\"}' style=\"display:block; overflow:auto; width:100%; height:400px; float:left;\"><\/div><\/p>\n<p><em><strong>\u00a0<\/strong><\/em><\/p>\n<p><em><strong>Vous pouvez joindre le secr\u00e9tariat central:<\/strong><\/em><\/p>\n<p><strong>Du lundi au vendredi de 8h30 et 16h,<\/strong> vous serez alors dirig\u00e9 vers les diff\u00e9rents postes souhait\u00e9s :<\/p>\n<ul>\n<li>Le service social<\/li>\n<li>Le service infirmerie<\/li>\n<li>Les chefs de groupe S.A.J.A. &#8211; S.R.A.<\/li>\n<li>Le service de Logements Supervis\u00e9s &#8211; S.L.S.<\/li>\n<li>Le service financier<\/li>\n<li>La direction g\u00e9n\u00e9rale<\/li>\n<\/ul>\n<p>Le\u00a0<strong>service r\u00e9sidentiel &#8211; S.R.A.<\/strong>, est joignable tous les jours de 16h00 \u00e0 18h00, ainsi que les week-end et jours f\u00e9ri\u00e9s de 10h00 \u00e0 18h00 sauf le temps de midi.<\/p>\n","protected":false},"excerpt":{"rendered":"<p>Localisation Rue Jules Maltaux 62B\u00a0 \u00a0 \u00a0 6240 Farciennes \u00a0 Vous pouvez joindre le secr\u00e9tariat central: Du lundi au vendredi de 8h30 et 16h, vous serez alors dirig\u00e9 vers les diff\u00e9rents postes souhait\u00e9s : Le service social Le service infirmerie Les chefs de groupe S.A.J.A. &#8211; S.R.A. Le service de Logements Supervis\u00e9s &#8211; S.L.S. Le&hellip; <a class=\"more-link\" href=\"https:\/\/le-chaf.be\/index.php\/nous-contacter\/\">Read More <span class=\"screen-reader-text\">Nous contacter<\/span><\/a><\/p>\n","protected":false},"author":1,"featured_media":0,"parent":0,"menu_order":0,"comment_status":"closed","ping_status":"closed","template":"","meta":{"footnotes":""},"class_list":["post-56","page","type-page","status-publish","hentry"],"_links":{"self":[{"href":"https:\/\/le-chaf.be\/index.php\/wp-json\/wp\/v2\/pages\/56","targetHints":{"allow":["GET"]}}],"collection":[{"href":"https:\/\/le-chaf.be\/index.php\/wp-json\/wp\/v2\/pages"}],"about":[{"href":"https:\/\/le-chaf.be\/index.php\/wp-json\/wp\/v2\/types\/page"}],"author":[{"embeddable":true,"href":"https:\/\/le-chaf.be\/index.php\/wp-json\/wp\/v2\/users\/1"}],"replies":[{"embeddable":true,"href":"https:\/\/le-chaf.be\/index.php\/wp-json\/wp\/v2\/comments?post=56"}],"version-history":[{"count":14,"href":"https:\/\/le-chaf.be\/index.php\/wp-json\/wp\/v2\/pages\/56\/revisions"}],"predecessor-version":[{"id":1298,"href":"https:\/\/le-chaf.be\/index.php\/wp-json\/wp\/v2\/pages\/56\/revisions\/1298"}],"wp:attachment":[{"href":"https:\/\/le-chaf.be\/index.php\/wp-json\/wp\/v2\/media?parent=56"}],"curies":[{"name":"wp","href":"https:\/\/api.w.org\/{rel}","templated":true}]}}