{"id":30,"date":"2016-07-22T13:59:33","date_gmt":"2016-07-22T12:59:33","guid":{"rendered":"http:\/\/le-chaf.be\/?page_id=30"},"modified":"2024-03-20T19:50:48","modified_gmt":"2024-03-20T18:50:48","slug":"historique","status":"publish","type":"page","link":"https:\/\/le-chaf.be\/index.php\/historique\/","title":{"rendered":"Qui sommes-nous?"},"content":{"rendered":"\n<h1 class=\"wp-block-heading\">Le C.H.A.F.<\/h1>\n\n\n\n<p>Le projet institutionnel du CHAF, Centre pour Adultes en situation de Handicap de Farciennes, est un projet d\u2019ensemble r\u00e9unissant :<\/p>\n\n\n\n<p>un Service d\u2019accueil de jour pour adultes, le SAJA ;<\/p>\n\n\n\n<p>un Service r\u00e9sidentiel pour adultes, le SRA<\/p>\n\n\n\n<p>un Service de Logements Supervis\u00e9s, le SLS.<\/p>\n\n\n\n<p>Le S<strong>ervice d\u2019accueil de jour<\/strong>, ouvert en 1998, est agr\u00e9\u00e9 pour 25 places ;<strong>&nbsp;le Service r\u00e9sidentiel<\/strong>, ouvert en 2000, accueille 32 b\u00e9n\u00e9ficiaires et le&nbsp;<strong>Service de Logements Supervis\u00e9s<\/strong>, ouvert en 2004, accueille 6 personnes. Chaque jour, nous accueillons une&nbsp;<strong><u>soixantaine de personnes<\/u><\/strong>&nbsp;sur notre site.<\/p>\n\n\n\n<p>Dans le service r\u00e9sidentiel, nous avons&nbsp;<strong><u>trois personnes sous convention nominative<\/u><\/strong>&nbsp;au sein du service r\u00e9sidentiel (pour la prise en charge nominative de personnes d\u00e9clar\u00e9es prioritaires pr\u00e9sentant des troubles du comportement)&nbsp;<strong><u>et six b\u00e9n\u00e9ficiaires de cat\u00e9gorie C<\/u><\/strong>, c\u2019est-\u00e0-dire moins autonomes.<\/p>\n\n\n\n<p>Actuellement, ces trois services pour adultes se d\u00e9veloppent de mani\u00e8re de plus en plus diff\u00e9renci\u00e9e et autonome. Cependant, ils se veulent compl\u00e9mentaires pour le bien-\u00eatre des r\u00e9sidents et des b\u00e9n\u00e9ficiaires du CHAF. Notre projet est d\u2019offrir un lieu de vie aux personnes pr\u00e9sentant une d\u00e9ficience intellectuelle avec la possibilit\u00e9 de s\u2019\u00e9panouir sur le plan social, psychologique, familiale, sportif en proposant diverses activit\u00e9s ou sorties ext\u00e9rieures. Vu la proximit\u00e9 de notre institution aux abords de la ville de Farciennes, mais \u00e9galement de Charleroi et des commerces, nous favorisons les sorties lors de tout \u00e9v\u00e9nement, nous les informons de l\u2019actualit\u00e9 en cours (course cycliste, match de foot, f\u00eate, concert, festival\u2026).<\/p>\n\n\n\n<p>Voici notre d\u00e9pliant :<br><a href=\"https:\/\/le-chaf.be\/wp-content\/uploads\/2016\/06\/triptyque-4.pdf\">triptyque<\/a><\/p>\n\n\n\n<figure class=\"wp-block-image\"><img loading=\"lazy\" decoding=\"async\" width=\"1024\" height=\"768\" src=\"https:\/\/le-chaf.be\/wp-content\/uploads\/2021\/08\/60142125_1596739530460823_5014062451914702848_n-1024x768.jpg\" alt=\"\" class=\"wp-image-1134\" srcset=\"https:\/\/le-chaf.be\/wp-content\/uploads\/2021\/08\/60142125_1596739530460823_5014062451914702848_n-1024x768.jpg 1024w, https:\/\/le-chaf.be\/wp-content\/uploads\/2021\/08\/60142125_1596739530460823_5014062451914702848_n-300x225.jpg 300w, https:\/\/le-chaf.be\/wp-content\/uploads\/2021\/08\/60142125_1596739530460823_5014062451914702848_n-768x576.jpg 768w, https:\/\/le-chaf.be\/wp-content\/uploads\/2021\/08\/60142125_1596739530460823_5014062451914702848_n-1536x1152.jpg 1536w, https:\/\/le-chaf.be\/wp-content\/uploads\/2021\/08\/60142125_1596739530460823_5014062451914702848_n-400x300.jpg 400w, https:\/\/le-chaf.be\/wp-content\/uploads\/2021\/08\/60142125_1596739530460823_5014062451914702848_n.jpg 2048w\" sizes=\"auto, (max-width: 1024px) 100vw, 1024px\" \/><\/figure>\n","protected":false},"excerpt":{"rendered":"<p>Le C.H.A.F. Le projet institutionnel du CHAF, Centre pour Adultes en situation de Handicap de Farciennes, est un projet d\u2019ensemble r\u00e9unissant : un Service d\u2019accueil de jour pour adultes, le SAJA ; un Service r\u00e9sidentiel pour adultes, le SRA un Service de Logements Supervis\u00e9s, le SLS. Le Service d\u2019accueil de jour, ouvert en 1998, est&hellip; <a class=\"more-link\" href=\"https:\/\/le-chaf.be\/index.php\/historique\/\">Read More <span class=\"screen-reader-text\">Qui sommes-nous?<\/span><\/a><\/p>\n","protected":false},"author":1,"featured_media":0,"parent":0,"menu_order":0,"comment_status":"closed","ping_status":"closed","template":"","meta":{"footnotes":""},"class_list":["post-30","page","type-page","status-publish","hentry"],"_links":{"self":[{"href":"https:\/\/le-chaf.be\/index.php\/wp-json\/wp\/v2\/pages\/30","targetHints":{"allow":["GET"]}}],"collection":[{"href":"https:\/\/le-chaf.be\/index.php\/wp-json\/wp\/v2\/pages"}],"about":[{"href":"https:\/\/le-chaf.be\/index.php\/wp-json\/wp\/v2\/types\/page"}],"author":[{"embeddable":true,"href":"https:\/\/le-chaf.be\/index.php\/wp-json\/wp\/v2\/users\/1"}],"replies":[{"embeddable":true,"href":"https:\/\/le-chaf.be\/index.php\/wp-json\/wp\/v2\/comments?post=30"}],"version-history":[{"count":4,"href":"https:\/\/le-chaf.be\/index.php\/wp-json\/wp\/v2\/pages\/30\/revisions"}],"predecessor-version":[{"id":1275,"href":"https:\/\/le-chaf.be\/index.php\/wp-json\/wp\/v2\/pages\/30\/revisions\/1275"}],"wp:attachment":[{"href":"https:\/\/le-chaf.be\/index.php\/wp-json\/wp\/v2\/media?parent=30"}],"curies":[{"name":"wp","href":"https:\/\/api.w.org\/{rel}","templated":true}]}}