{"id":279,"date":"2017-10-31T11:10:56","date_gmt":"2017-10-31T10:10:56","guid":{"rendered":"http:\/\/le-chaf.be\/?page_id=279"},"modified":"2024-03-20T19:50:48","modified_gmt":"2024-03-20T18:50:48","slug":"faire-un-don","status":"publish","type":"page","link":"https:\/\/le-chaf.be\/index.php\/faire-un-don\/","title":{"rendered":"Faire un don"},"content":{"rendered":"<div class=\"blog-post-title-wrapper\">\n<p style=\"text-align: center;\"><img loading=\"lazy\" decoding=\"async\" class=\"size-full wp-image-339 aligncenter\" src=\"https:\/\/le-chaf.be\/wp-content\/uploads\/2017\/11\/Image6.png\" alt=\"\" width=\"225\" height=\"225\" \/><\/p>\n<p style=\"text-align: center;\"><strong>Vous pouvez nous aider<\/strong><\/p>\n<ul style=\"text-align: center;\">\n<li><strong><em>\u00e0 concr\u00e9tiser<\/em><\/strong><em> nos projets (am\u00e9lioration du site, de l&rsquo;infrastructure pour le bien-\u00eatre de nos b\u00e9n\u00e9ficiaires)<\/em><\/li>\n<\/ul>\n<p style=\"text-align: center;\"><em>ou<\/em><\/p>\n<ul style=\"text-align: center;\">\n<li><strong><em>\u00e0 am\u00e9liorer la qualit\u00e9<\/em><\/strong><em> de vie de nos b\u00e9n\u00e9ficiaires (nouveau mat\u00e9riel : fauteuils, chaises &#8230;)<\/em><\/li>\n<\/ul>\n<p style=\"text-align: center;\"><strong>En r\u00e9alisant un don<\/strong><\/p>\n<p style=\"text-align: center;\"><em>(D\u00e9duction fiscale \u00e0 partir de 40 \u20ac)<\/em><\/p>\n<p style=\"text-align: center;\">Au compte\u00a0bancaire du CHAF :<\/p>\n<p style=\"text-align: center;\"><strong>BE56 0013 2518 4088<\/strong><\/p>\n<p style=\"text-align: center;\">Avec la communication\u00a0:<\/p>\n<p style=\"text-align: center;\"><strong>\u00ab\u00a0Don pour le CHAF\u00a0\u00bb<\/strong><\/p>\n<p style=\"text-align: center;\">***<\/p>\n<p style=\"text-align: center;\"><strong>Par parrainage<\/strong>\u00a0(<u>parlez-en\u00a0\u00e0 vos proches)<\/u>\u00a0:<\/p>\n<p style=\"text-align: center;\">En versant\u00a0<strong>par mois<\/strong>\u00a0la somme de\u00a0<strong>3,5 \u20ac<\/strong><\/p>\n<p style=\"text-align: center;\"><em>Sur un an vous aurez atteint 40\u20ac<\/em><\/p>\n<p style=\"text-align: center;\">***<\/p>\n<p style=\"text-align: center;\"><strong>Via un legs en duo<\/strong><\/p>\n<p style=\"text-align: center;\"><em>(Renseignement chez le notaire gratuit)<\/em><\/p>\n<\/div>\n","protected":false},"excerpt":{"rendered":"<p>Vous pouvez nous aider \u00e0 concr\u00e9tiser nos projets (am\u00e9lioration du site, de l&rsquo;infrastructure pour le bien-\u00eatre de nos b\u00e9n\u00e9ficiaires) ou \u00e0 am\u00e9liorer la qualit\u00e9 de vie de nos b\u00e9n\u00e9ficiaires (nouveau mat\u00e9riel : fauteuils, chaises &#8230;) En r\u00e9alisant un don (D\u00e9duction fiscale \u00e0 partir de 40 \u20ac) Au compte\u00a0bancaire du CHAF : BE56 0013 2518 4088&hellip; <a class=\"more-link\" href=\"https:\/\/le-chaf.be\/index.php\/faire-un-don\/\">Read More <span class=\"screen-reader-text\">Faire un don<\/span><\/a><\/p>\n","protected":false},"author":1,"featured_media":0,"parent":0,"menu_order":0,"comment_status":"closed","ping_status":"closed","template":"","meta":{"footnotes":""},"class_list":["post-279","page","type-page","status-publish","hentry"],"_links":{"self":[{"href":"https:\/\/le-chaf.be\/index.php\/wp-json\/wp\/v2\/pages\/279","targetHints":{"allow":["GET"]}}],"collection":[{"href":"https:\/\/le-chaf.be\/index.php\/wp-json\/wp\/v2\/pages"}],"about":[{"href":"https:\/\/le-chaf.be\/index.php\/wp-json\/wp\/v2\/types\/page"}],"author":[{"embeddable":true,"href":"https:\/\/le-chaf.be\/index.php\/wp-json\/wp\/v2\/users\/1"}],"replies":[{"embeddable":true,"href":"https:\/\/le-chaf.be\/index.php\/wp-json\/wp\/v2\/comments?post=279"}],"version-history":[{"count":7,"href":"https:\/\/le-chaf.be\/index.php\/wp-json\/wp\/v2\/pages\/279\/revisions"}],"predecessor-version":[{"id":1123,"href":"https:\/\/le-chaf.be\/index.php\/wp-json\/wp\/v2\/pages\/279\/revisions\/1123"}],"wp:attachment":[{"href":"https:\/\/le-chaf.be\/index.php\/wp-json\/wp\/v2\/media?parent=279"}],"curies":[{"name":"wp","href":"https:\/\/api.w.org\/{rel}","templated":true}]}}