{"id":253,"date":"2017-10-31T10:59:27","date_gmt":"2017-10-31T09:59:27","guid":{"rendered":"http:\/\/le-chaf.be\/?page_id=253"},"modified":"2024-03-20T19:50:48","modified_gmt":"2024-03-20T18:50:48","slug":"s-l-s","status":"publish","type":"page","link":"https:\/\/le-chaf.be\/index.php\/s-l-s\/","title":{"rendered":"S.L.S."},"content":{"rendered":"<p>Le service travaillant sur le terrain avec deux \u00e9ducateurs en alternance est plus souvent disponible en apr\u00e8s-midi de 13h \u00e0 16h. Vous pouvez contacter l&rsquo;assistante sociale du CHAF et lui transmettre le message ou envoyer un mail directement au service SLS.<\/p>\n<p><img loading=\"lazy\" decoding=\"async\" class=\"alignnone wp-image-444\" src=\"https:\/\/le-chaf.be\/wp-content\/uploads\/2018\/08\/telephone-300x300.jpg\" alt=\"\" width=\"31\" height=\"31\" srcset=\"https:\/\/le-chaf.be\/wp-content\/uploads\/2018\/08\/telephone-300x300.jpg 300w, https:\/\/le-chaf.be\/wp-content\/uploads\/2018\/08\/telephone-150x150.jpg 150w, https:\/\/le-chaf.be\/wp-content\/uploads\/2018\/08\/telephone.jpg 600w\" sizes=\"auto, (max-width: 31px) 100vw, 31px\" \/>071\/38.62.80 ou 071\/38.41.46<\/p>\n<p><img loading=\"lazy\" decoding=\"async\" class=\"alignnone  wp-image-443\" src=\"https:\/\/le-chaf.be\/wp-content\/uploads\/2018\/08\/mail-294x300.jpg\" alt=\"\" width=\"33\" height=\"34\" srcset=\"https:\/\/le-chaf.be\/wp-content\/uploads\/2018\/08\/mail-294x300.jpg 294w, https:\/\/le-chaf.be\/wp-content\/uploads\/2018\/08\/mail-150x150.jpg 150w, https:\/\/le-chaf.be\/wp-content\/uploads\/2018\/08\/mail.jpg 333w\" sizes=\"auto, (max-width: 33px) 100vw, 33px\" \/>\u00a0 SLS@le-chaf.be<\/p>\n","protected":false},"excerpt":{"rendered":"<p>Le service travaillant sur le terrain avec deux \u00e9ducateurs en alternance est plus souvent disponible en apr\u00e8s-midi de 13h \u00e0 16h. Vous pouvez contacter l&rsquo;assistante sociale du CHAF et lui transmettre le message ou envoyer un mail directement au service SLS. 071\/38.62.80 ou 071\/38.41.46 \u00a0 SLS@le-chaf.be<\/p>\n","protected":false},"author":1,"featured_media":0,"parent":0,"menu_order":0,"comment_status":"closed","ping_status":"closed","template":"","meta":{"footnotes":""},"class_list":["post-253","page","type-page","status-publish","hentry"],"_links":{"self":[{"href":"https:\/\/le-chaf.be\/index.php\/wp-json\/wp\/v2\/pages\/253","targetHints":{"allow":["GET"]}}],"collection":[{"href":"https:\/\/le-chaf.be\/index.php\/wp-json\/wp\/v2\/pages"}],"about":[{"href":"https:\/\/le-chaf.be\/index.php\/wp-json\/wp\/v2\/types\/page"}],"author":[{"embeddable":true,"href":"https:\/\/le-chaf.be\/index.php\/wp-json\/wp\/v2\/users\/1"}],"replies":[{"embeddable":true,"href":"https:\/\/le-chaf.be\/index.php\/wp-json\/wp\/v2\/comments?post=253"}],"version-history":[{"count":5,"href":"https:\/\/le-chaf.be\/index.php\/wp-json\/wp\/v2\/pages\/253\/revisions"}],"predecessor-version":[{"id":1116,"href":"https:\/\/le-chaf.be\/index.php\/wp-json\/wp\/v2\/pages\/253\/revisions\/1116"}],"wp:attachment":[{"href":"https:\/\/le-chaf.be\/index.php\/wp-json\/wp\/v2\/media?parent=253"}],"curies":[{"name":"wp","href":"https:\/\/api.w.org\/{rel}","templated":true}]}}