{"id":252,"date":"2017-10-31T10:59:26","date_gmt":"2017-10-31T09:59:26","guid":{"rendered":"http:\/\/le-chaf.be\/?page_id=252"},"modified":"2026-04-17T16:00:50","modified_gmt":"2026-04-17T14:00:50","slug":"s-r-a","status":"publish","type":"page","link":"https:\/\/le-chaf.be\/index.php\/s-r-a\/","title":{"rendered":"S.R.A."},"content":{"rendered":"<p data-start=\"790\" data-end=\"970\">Le SRA est le service r\u00e9sidentiel du CHAF. Il propose un accompagnement 24 heures sur 24 \u00e0 des adultes en situation de handicap mental, dans un cadre de vie adapt\u00e9 \u00e0 leurs besoins.<\/p>\n<p data-start=\"972\" data-end=\"1063\">Les r\u00e9sidents peuvent \u00eatre joints par t\u00e9l\u00e9phone entre 16h00 et 18h00, ainsi qu\u2019apr\u00e8s 19h00.<\/p>\n<p data-start=\"1065\" data-end=\"1234\">Pour toute question d\u2019ordre m\u00e9dical, administratif ou relative aux activit\u00e9s organis\u00e9es, le service peut \u00eatre contact\u00e9 en journ\u00e9e, du lundi au vendredi, de 9h00 \u00e0 16h00.<\/p>\n<p data-start=\"1236\" data-end=\"1351\">Responsable de service : <strong data-start=\"1236\" data-end=\"1262\">Madame Sarah Cordovero<\/strong><br data-start=\"1287\" data-end=\"1290\" \/>T\u00e9l. : 071\/38.62.80 ou 071\/38.41.46<br data-start=\"1325\" data-end=\"1328\" \/>E-mail : <a class=\"decorated-link cursor-pointer\" rel=\"noopener\" data-start=\"1337\" data-end=\"1351\">sra@le-chaf.be<\/a><\/p>\n<p>\u00a0<img loading=\"lazy\" decoding=\"async\" class=\"alignnone size-medium wp-image-345\" src=\"https:\/\/le-chaf.be\/wp-content\/uploads\/2017\/03\/20160808_160519-1-300x225.jpg\" alt=\"\" width=\"300\" height=\"225\" srcset=\"https:\/\/le-chaf.be\/wp-content\/uploads\/2017\/03\/20160808_160519-1-300x225.jpg 300w, https:\/\/le-chaf.be\/wp-content\/uploads\/2017\/03\/20160808_160519-1.jpg 640w\" sizes=\"auto, (max-width: 300px) 100vw, 300px\" \/> <img loading=\"lazy\" decoding=\"async\" class=\"alignnone size-medium wp-image-343\" src=\"https:\/\/le-chaf.be\/wp-content\/uploads\/2017\/03\/ATT_1496829160192_6204-300x225.jpeg\" alt=\"\" width=\"300\" height=\"225\" srcset=\"https:\/\/le-chaf.be\/wp-content\/uploads\/2017\/03\/ATT_1496829160192_6204-300x225.jpeg 300w, https:\/\/le-chaf.be\/wp-content\/uploads\/2017\/03\/ATT_1496829160192_6204.jpeg 640w\" sizes=\"auto, (max-width: 300px) 100vw, 300px\" \/><\/p>\n","protected":false},"excerpt":{"rendered":"<p>Le SRA est le service r\u00e9sidentiel du CHAF. Il propose un accompagnement 24 heures sur 24 \u00e0 des adultes en situation de handicap mental, dans un cadre de vie adapt\u00e9 \u00e0 leurs besoins. Les r\u00e9sidents peuvent \u00eatre joints par t\u00e9l\u00e9phone entre 16h00 et 18h00, ainsi qu\u2019apr\u00e8s 19h00. Pour toute question d\u2019ordre m\u00e9dical, administratif ou relative&hellip; <a class=\"more-link\" href=\"https:\/\/le-chaf.be\/index.php\/s-r-a\/\">Read More <span class=\"screen-reader-text\">S.R.A.<\/span><\/a><\/p>\n","protected":false},"author":1,"featured_media":0,"parent":0,"menu_order":0,"comment_status":"closed","ping_status":"closed","template":"","meta":{"footnotes":""},"class_list":["post-252","page","type-page","status-publish","hentry"],"_links":{"self":[{"href":"https:\/\/le-chaf.be\/index.php\/wp-json\/wp\/v2\/pages\/252","targetHints":{"allow":["GET"]}}],"collection":[{"href":"https:\/\/le-chaf.be\/index.php\/wp-json\/wp\/v2\/pages"}],"about":[{"href":"https:\/\/le-chaf.be\/index.php\/wp-json\/wp\/v2\/types\/page"}],"author":[{"embeddable":true,"href":"https:\/\/le-chaf.be\/index.php\/wp-json\/wp\/v2\/users\/1"}],"replies":[{"embeddable":true,"href":"https:\/\/le-chaf.be\/index.php\/wp-json\/wp\/v2\/comments?post=252"}],"version-history":[{"count":9,"href":"https:\/\/le-chaf.be\/index.php\/wp-json\/wp\/v2\/pages\/252\/revisions"}],"predecessor-version":[{"id":1326,"href":"https:\/\/le-chaf.be\/index.php\/wp-json\/wp\/v2\/pages\/252\/revisions\/1326"}],"wp:attachment":[{"href":"https:\/\/le-chaf.be\/index.php\/wp-json\/wp\/v2\/media?parent=252"}],"curies":[{"name":"wp","href":"https:\/\/api.w.org\/{rel}","templated":true}]}}