{"id":251,"date":"2017-10-31T10:59:26","date_gmt":"2017-10-31T09:59:26","guid":{"rendered":"http:\/\/le-chaf.be\/?page_id=251"},"modified":"2026-04-17T15:57:29","modified_gmt":"2026-04-17T13:57:29","slug":"s-a-j-a","status":"publish","type":"page","link":"https:\/\/le-chaf.be\/index.php\/s-a-j-a\/","title":{"rendered":"S.A.J.A."},"content":{"rendered":"<p>Le Service d&rsquo;Accueil de Jour pour Adultes (SAJA) accompagne en journ\u00e9e des adultes en situation de handicap mental, dans un cadre adapt\u00e9 \u00e0 leurs besoins et \u00e0 leur accompagnement. Le service est ouvert de 8h45 \u00e0 16h00. Pour toute prise de rendez-vous ou demande d\u2019information, vous pouvez contacter le service d\u00e8s 9h00.<\/p>\n<p>Responsable de service :<strong data-start=\"976\" data-end=\"1003\"> Madame C\u00e9cile Baud\u2019Huin<\/strong><br data-start=\"1003\" data-end=\"1006\" \/>T\u00e9l. : 071\/38.62.80 ou 071\/38.41.46<br data-start=\"1066\" data-end=\"1069\" \/>E-mail : <a class=\"decorated-link cursor-pointer\" rel=\"noopener\" data-start=\"1078\" data-end=\"1093\">saja@le-chaf.be<\/a><\/p>\n\n\n<p><\/p>\n","protected":false},"excerpt":{"rendered":"<p>Le Service d&rsquo;Accueil de Jour pour Adultes (SAJA) accompagne en journ\u00e9e des adultes en situation de handicap mental, dans un cadre adapt\u00e9 \u00e0 leurs besoins et \u00e0 leur accompagnement. Le service est ouvert de 8h45 \u00e0 16h00. Pour toute prise de rendez-vous ou demande d\u2019information, vous pouvez contacter le service d\u00e8s 9h00. Responsable de service&hellip; <a class=\"more-link\" href=\"https:\/\/le-chaf.be\/index.php\/s-a-j-a\/\">Read More <span class=\"screen-reader-text\">S.A.J.A.<\/span><\/a><\/p>\n","protected":false},"author":1,"featured_media":0,"parent":0,"menu_order":0,"comment_status":"closed","ping_status":"closed","template":"","meta":{"footnotes":""},"class_list":["post-251","page","type-page","status-publish","hentry"],"_links":{"self":[{"href":"https:\/\/le-chaf.be\/index.php\/wp-json\/wp\/v2\/pages\/251","targetHints":{"allow":["GET"]}}],"collection":[{"href":"https:\/\/le-chaf.be\/index.php\/wp-json\/wp\/v2\/pages"}],"about":[{"href":"https:\/\/le-chaf.be\/index.php\/wp-json\/wp\/v2\/types\/page"}],"author":[{"embeddable":true,"href":"https:\/\/le-chaf.be\/index.php\/wp-json\/wp\/v2\/users\/1"}],"replies":[{"embeddable":true,"href":"https:\/\/le-chaf.be\/index.php\/wp-json\/wp\/v2\/comments?post=251"}],"version-history":[{"count":12,"href":"https:\/\/le-chaf.be\/index.php\/wp-json\/wp\/v2\/pages\/251\/revisions"}],"predecessor-version":[{"id":1324,"href":"https:\/\/le-chaf.be\/index.php\/wp-json\/wp\/v2\/pages\/251\/revisions\/1324"}],"wp:attachment":[{"href":"https:\/\/le-chaf.be\/index.php\/wp-json\/wp\/v2\/media?parent=251"}],"curies":[{"name":"wp","href":"https:\/\/api.w.org\/{rel}","templated":true}]}}