{"id":248,"date":"2017-10-31T10:59:26","date_gmt":"2017-10-31T09:59:26","guid":{"rendered":"http:\/\/le-chaf.be\/?page_id=248"},"modified":"2026-04-17T15:52:10","modified_gmt":"2026-04-17T13:52:10","slug":"service-social","status":"publish","type":"page","link":"https:\/\/le-chaf.be\/index.php\/service-social\/","title":{"rendered":"Service social"},"content":{"rendered":"<p data-start=\"369\" data-end=\"528\">Pour toute question relative \u00e0 l\u2019accompagnement social, aux d\u00e9marches administratives ou \u00e0 l\u2019orientation des demandes, vous pouvez contacter le service social.<\/p>\n<p data-start=\"530\" data-end=\"661\">Assistante sociale :<strong data-start=\"530\" data-end=\"565\"> Madame Marie-B\u00e9n\u00e9dicte Courtois<\/strong><br data-start=\"586\" data-end=\"589\" \/>T\u00e9l. : 071\/38.62.80 ou 071\/38.41.46<br data-start=\"624\" data-end=\"627\" \/>E-mail : <a class=\"decorated-link cursor-pointer\" rel=\"noopener\" data-start=\"636\" data-end=\"661\">service.social@le-chaf.be<\/a><\/p>\n\n\n<p><\/p>\n","protected":false},"excerpt":{"rendered":"<p>Pour toute question relative \u00e0 l\u2019accompagnement social, aux d\u00e9marches administratives ou \u00e0 l\u2019orientation des demandes, vous pouvez contacter le service social. Assistante sociale : Madame Marie-B\u00e9n\u00e9dicte CourtoisT\u00e9l. : 071\/38.62.80 ou 071\/38.41.46E-mail : service.social@le-chaf.be<\/p>\n","protected":false},"author":1,"featured_media":0,"parent":0,"menu_order":0,"comment_status":"closed","ping_status":"closed","template":"","meta":{"footnotes":""},"class_list":["post-248","page","type-page","status-publish","hentry"],"_links":{"self":[{"href":"https:\/\/le-chaf.be\/index.php\/wp-json\/wp\/v2\/pages\/248","targetHints":{"allow":["GET"]}}],"collection":[{"href":"https:\/\/le-chaf.be\/index.php\/wp-json\/wp\/v2\/pages"}],"about":[{"href":"https:\/\/le-chaf.be\/index.php\/wp-json\/wp\/v2\/types\/page"}],"author":[{"embeddable":true,"href":"https:\/\/le-chaf.be\/index.php\/wp-json\/wp\/v2\/users\/1"}],"replies":[{"embeddable":true,"href":"https:\/\/le-chaf.be\/index.php\/wp-json\/wp\/v2\/comments?post=248"}],"version-history":[{"count":6,"href":"https:\/\/le-chaf.be\/index.php\/wp-json\/wp\/v2\/pages\/248\/revisions"}],"predecessor-version":[{"id":1322,"href":"https:\/\/le-chaf.be\/index.php\/wp-json\/wp\/v2\/pages\/248\/revisions\/1322"}],"wp:attachment":[{"href":"https:\/\/le-chaf.be\/index.php\/wp-json\/wp\/v2\/media?parent=248"}],"curies":[{"name":"wp","href":"https:\/\/api.w.org\/{rel}","templated":true}]}}