{"id":247,"date":"2017-10-31T10:59:26","date_gmt":"2017-10-31T09:59:26","guid":{"rendered":"http:\/\/le-chaf.be\/?page_id=247"},"modified":"2026-04-20T10:11:15","modified_gmt":"2026-04-20T08:11:15","slug":"service-financier","status":"publish","type":"page","link":"https:\/\/le-chaf.be\/index.php\/service-financier\/","title":{"rendered":"Service comptabilit\u00e9"},"content":{"rendered":"<p data-start=\"75\" data-end=\"190\">Pour toute question relative aux factures ou aux aspects financiers, vous pouvez contacter le service comptabilit\u00e9.<\/p>\n<p data-start=\"192\" data-end=\"320\"><br data-start=\"216\" data-end=\"219\" \/>Service comptabilit\u00e9 <strong data-start=\"329\" data-end=\"453\">: Madame M\u00e9lanie Biron<\/strong><br data-start=\"453\" data-end=\"456\" \/>T\u00e9l. : 071\/38.62.80 ou 071\/38.41.46<br data-start=\"491\" data-end=\"494\" \/>E-mail : <a class=\"decorated-link cursor-pointer\" rel=\"noopener\" data-start=\"503\" data-end=\"534\">comptabilite@le-chaf.be<\/a><\/p>\n\n\n<p><\/p>\n","protected":false},"excerpt":{"rendered":"<p>Pour toute question relative aux factures ou aux aspects financiers, vous pouvez contacter le service comptabilit\u00e9. Service comptabilit\u00e9 : Madame M\u00e9lanie BironT\u00e9l. : 071\/38.62.80 ou 071\/38.41.46E-mail : comptabilite@le-chaf.be<\/p>\n","protected":false},"author":1,"featured_media":0,"parent":0,"menu_order":0,"comment_status":"closed","ping_status":"closed","template":"","meta":{"footnotes":""},"class_list":["post-247","page","type-page","status-publish","hentry"],"_links":{"self":[{"href":"https:\/\/le-chaf.be\/index.php\/wp-json\/wp\/v2\/pages\/247","targetHints":{"allow":["GET"]}}],"collection":[{"href":"https:\/\/le-chaf.be\/index.php\/wp-json\/wp\/v2\/pages"}],"about":[{"href":"https:\/\/le-chaf.be\/index.php\/wp-json\/wp\/v2\/types\/page"}],"author":[{"embeddable":true,"href":"https:\/\/le-chaf.be\/index.php\/wp-json\/wp\/v2\/users\/1"}],"replies":[{"embeddable":true,"href":"https:\/\/le-chaf.be\/index.php\/wp-json\/wp\/v2\/comments?post=247"}],"version-history":[{"count":11,"href":"https:\/\/le-chaf.be\/index.php\/wp-json\/wp\/v2\/pages\/247\/revisions"}],"predecessor-version":[{"id":1328,"href":"https:\/\/le-chaf.be\/index.php\/wp-json\/wp\/v2\/pages\/247\/revisions\/1328"}],"wp:attachment":[{"href":"https:\/\/le-chaf.be\/index.php\/wp-json\/wp\/v2\/media?parent=247"}],"curies":[{"name":"wp","href":"https:\/\/api.w.org\/{rel}","templated":true}]}}