{"id":240,"date":"2017-10-31T10:30:08","date_gmt":"2017-10-31T09:30:08","guid":{"rendered":"http:\/\/le-chaf.be\/?page_id=240"},"modified":"2024-03-20T19:50:48","modified_gmt":"2024-03-20T18:50:48","slug":"service-de-logements-supervises-s-l-s","status":"publish","type":"page","link":"https:\/\/le-chaf.be\/index.php\/service-de-logements-supervises-s-l-s\/","title":{"rendered":"Service de Logements Supervis\u00e9s (S.L.S.)"},"content":{"rendered":"<p>Afin de r\u00e9pondre aux besoins des b\u00e9n\u00e9ficiaires fr\u00e9quentant le Service d&rsquo;Accueil de Jour (S.A.J.A.) et le Service R\u00e9sidentiel (S.R.A.), le Service de Logements Supervis\u00e9s (S.L.S.) a vu le jour en d\u00e9cembre 2003.<\/p>\n<p>Un tel service permet \u00e0 des personnes adultes en situation de handicapes mentales de vivre leur vie et de b\u00e9n\u00e9ficier d\u2019un accompagnement personnalis\u00e9. Le service suit la personne au d\u00e9part de son domicile. Le CHAF peut assurer le suivi des personnes dans un rayon de 10 km autour de son si\u00e8ge social situ\u00e9 \u00e0 Farciennes. Deux \u00e9ducateurs se relayent pour se rendre au domicile de la personne et construire le projet individuel de celle-ci.<\/p>\n<p>Le service a pour objet principal d&rsquo;apporter son aide dans diverses d\u00e9marches telles que les activit\u00e9s domestiques, les d\u00e9marches administratives et financi\u00e8res, la recherche d\u2019un emploi ou d\u2019une formation, la recherche d\u2019activit\u00e9s de loisirs et culturelles, \u2026<\/p>\n<p>Les \u00e9ducateurs supervisent la mise en place des projets en vue de favoriser l&rsquo;autonomie de la personne dans sa vie quotidienne. Ils ne logent pas au domicile de la personne. Les moments de passage sont organis\u00e9s de commun accord.<\/p>\n<p>La personne devra suivre le r\u00e8glement d&rsquo;ordre int\u00e9rieur du SLS et les r\u00e8gles institutionnelles quand elle se rend sur le site.<\/p>\n<p><img loading=\"lazy\" decoding=\"async\" class=\"aligncenter wp-image-458 size-large\" src=\"https:\/\/le-chaf.be\/wp-content\/uploads\/2018\/08\/isle-1024x575.png\" alt=\"\" width=\"900\" height=\"505\" srcset=\"https:\/\/le-chaf.be\/wp-content\/uploads\/2018\/08\/isle-1024x575.png 1024w, https:\/\/le-chaf.be\/wp-content\/uploads\/2018\/08\/isle-300x168.png 300w, https:\/\/le-chaf.be\/wp-content\/uploads\/2018\/08\/isle-768x431.png 768w, https:\/\/le-chaf.be\/wp-content\/uploads\/2018\/08\/isle-534x300.png 534w, https:\/\/le-chaf.be\/wp-content\/uploads\/2018\/08\/isle.png 1364w\" sizes=\"auto, (max-width: 900px) 100vw, 900px\" \/><\/p>\n","protected":false},"excerpt":{"rendered":"<p>Afin de r\u00e9pondre aux besoins des b\u00e9n\u00e9ficiaires fr\u00e9quentant le Service d&rsquo;Accueil de Jour (S.A.J.A.) et le Service R\u00e9sidentiel (S.R.A.), le Service de Logements Supervis\u00e9s (S.L.S.) a vu le jour en d\u00e9cembre 2003. Un tel service permet \u00e0 des personnes adultes en situation de handicapes mentales de vivre leur vie et de b\u00e9n\u00e9ficier d\u2019un accompagnement personnalis\u00e9.&hellip; <a class=\"more-link\" href=\"https:\/\/le-chaf.be\/index.php\/service-de-logements-supervises-s-l-s\/\">Read More <span class=\"screen-reader-text\">Service de Logements Supervis\u00e9s (S.L.S.)<\/span><\/a><\/p>\n","protected":false},"author":1,"featured_media":0,"parent":0,"menu_order":0,"comment_status":"closed","ping_status":"closed","template":"","meta":{"footnotes":""},"class_list":["post-240","page","type-page","status-publish","hentry"],"_links":{"self":[{"href":"https:\/\/le-chaf.be\/index.php\/wp-json\/wp\/v2\/pages\/240","targetHints":{"allow":["GET"]}}],"collection":[{"href":"https:\/\/le-chaf.be\/index.php\/wp-json\/wp\/v2\/pages"}],"about":[{"href":"https:\/\/le-chaf.be\/index.php\/wp-json\/wp\/v2\/types\/page"}],"author":[{"embeddable":true,"href":"https:\/\/le-chaf.be\/index.php\/wp-json\/wp\/v2\/users\/1"}],"replies":[{"embeddable":true,"href":"https:\/\/le-chaf.be\/index.php\/wp-json\/wp\/v2\/comments?post=240"}],"version-history":[{"count":5,"href":"https:\/\/le-chaf.be\/index.php\/wp-json\/wp\/v2\/pages\/240\/revisions"}],"predecessor-version":[{"id":1126,"href":"https:\/\/le-chaf.be\/index.php\/wp-json\/wp\/v2\/pages\/240\/revisions\/1126"}],"wp:attachment":[{"href":"https:\/\/le-chaf.be\/index.php\/wp-json\/wp\/v2\/media?parent=240"}],"curies":[{"name":"wp","href":"https:\/\/api.w.org\/{rel}","templated":true}]}}