{"id":224,"date":"2017-10-31T10:17:12","date_gmt":"2017-10-31T09:17:12","guid":{"rendered":"http:\/\/le-chaf.be\/?page_id=224"},"modified":"2025-01-13T10:35:03","modified_gmt":"2025-01-13T09:35:03","slug":"nos-valeurs","status":"publish","type":"page","link":"https:\/\/le-chaf.be\/index.php\/nos-valeurs\/","title":{"rendered":"Nos valeurs"},"content":{"rendered":"<p><strong><u>Les valeurs qui fondent notre travail :\u00a0<\/u><\/strong><\/p>\n<ul>\n<li>L\u2019ensemble des membres du personnel consid\u00e8re chaque personne accueillie comme une Personne \u00e0 part enti\u00e8re.<\/li>\n<li>L\u2019am\u00e9lioration de la qualit\u00e9 de vie de chacun des b\u00e9n\u00e9ficiaires est \u00e0 la base de chaque r\u00e9flexion.<\/li>\n<li>La solidarit\u00e9 et l\u2019acceptation d\u2019autrui fondent le travail au CHAF. Ces valeurs sont sollicit\u00e9es au sein du personnel comme chez les personnes adultes pr\u00e9sentant un handicap mental.<\/li>\n<\/ul>\n<p>Si ces valeurs existent vraiment, elles doivent se vivre au quotidien et \u00eatre partag\u00e9es par tous.<\/p>\n<p>L\u2019acceptation de la diff\u00e9rence est un premier pas vers la tol\u00e9rance et la solidarit\u00e9. Ainsi, prendre conscience des difficult\u00e9s et des d\u00e9fauts, des qualit\u00e9s\u00a0 et des capacit\u00e9s d\u2019autrui, nous aide \u00e0 ne pas le refuser et \u00e0 nouer de meilleures relations avec cette personne.<\/p>\n<p>Ce principe entend servir de base \u00e0 une vie communautaire harmonieuse, pr\u00e9mices d\u2019une vie sociale plus large et d\u2019une int\u00e9gration dans la soci\u00e9t\u00e9. Il est reli\u00e9 \u00e0 d\u2019autres valeurs comme, le respect des personnes et des lieux, la construction d\u2019une \u00ab\u00a0vraie\u00a0\u00bb qualit\u00e9 de vie, la constitution et le respect au quotidien de r\u00e8gles de vie, l\u2019\u00e9tablissement et le maintien de la s\u00e9curit\u00e9, l\u2019av\u00e8nement de la confiance, l\u2019\u00e9panouissement personnel, l\u2019acc\u00e8s au plaisir et \u00e0 une vie plus heureuse.<\/p>\n<p><em>Quelques autres principes \u2026 <\/em><em>\u00a0Pour humaniser le service et aller vers une constitution du code \u00e9thique<\/em><\/p>\n<p>Chaque personne accueillie au CHAF est l\u2019enfant de quelqu\u2019un ou le proche parent de quelqu\u2019un, et dans ce sens chacune m\u00e9rite notre plus haut int\u00e9r\u00eat<\/p>\n<ul>\n<li>Nous respectons la religion et les options philosophiques des personnes accueillies au CHAF et celles de leur famille. Ceci influence des choix alimentaires ou m\u00e9dicaux pour ces personnes.<\/li>\n<li>Les personnes accueillies au CHAF y sont pour longtemps, m\u00eame si elles pr\u00e9sentent des troubles du comportement voire un double diagnostic. L\u2019acceptation par tous, r\u00e9sidents et \u00e9ducateurs, prime sur la difficult\u00e9.<\/li>\n<li>C\u2019est d\u2019abord l\u2019institution et l\u2019\u00e9quipe \u00e9ducative qui doivent s\u2019adapter \u00e0 la population accueillie. Tout est mis en \u0153uvre pour que la personne trouve sa place.<\/li>\n<li>Nous demandons aux familles le plus grand respect du \u00ab\u00a0chez soi\u00a0\u00bb des personnes adultes handicap\u00e9es mentales accueillies au CHAF. Certaines de ces personnes y sont domicili\u00e9es. Ainsi, lorsqu\u2019une famille vient au CHAF, elle entre dans le domicile de ces personnes et non pas seulement dans le lieu de vie de leur enfant ou de leur proche.<\/li>\n<\/ul>\n","protected":false},"excerpt":{"rendered":"<p>Les valeurs qui fondent notre travail :\u00a0 L\u2019ensemble des membres du personnel consid\u00e8re chaque personne accueillie comme une Personne \u00e0 part enti\u00e8re. L\u2019am\u00e9lioration de la qualit\u00e9 de vie de chacun des b\u00e9n\u00e9ficiaires est \u00e0 la base de chaque r\u00e9flexion. La solidarit\u00e9 et l\u2019acceptation d\u2019autrui fondent le travail au CHAF. Ces valeurs sont sollicit\u00e9es au sein&hellip; <a class=\"more-link\" href=\"https:\/\/le-chaf.be\/index.php\/nos-valeurs\/\">Read More <span class=\"screen-reader-text\">Nos valeurs<\/span><\/a><\/p>\n","protected":false},"author":1,"featured_media":0,"parent":0,"menu_order":0,"comment_status":"closed","ping_status":"closed","template":"","meta":{"footnotes":""},"class_list":["post-224","page","type-page","status-publish","hentry"],"_links":{"self":[{"href":"https:\/\/le-chaf.be\/index.php\/wp-json\/wp\/v2\/pages\/224","targetHints":{"allow":["GET"]}}],"collection":[{"href":"https:\/\/le-chaf.be\/index.php\/wp-json\/wp\/v2\/pages"}],"about":[{"href":"https:\/\/le-chaf.be\/index.php\/wp-json\/wp\/v2\/types\/page"}],"author":[{"embeddable":true,"href":"https:\/\/le-chaf.be\/index.php\/wp-json\/wp\/v2\/users\/1"}],"replies":[{"embeddable":true,"href":"https:\/\/le-chaf.be\/index.php\/wp-json\/wp\/v2\/comments?post=224"}],"version-history":[{"count":4,"href":"https:\/\/le-chaf.be\/index.php\/wp-json\/wp\/v2\/pages\/224\/revisions"}],"predecessor-version":[{"id":1301,"href":"https:\/\/le-chaf.be\/index.php\/wp-json\/wp\/v2\/pages\/224\/revisions\/1301"}],"wp:attachment":[{"href":"https:\/\/le-chaf.be\/index.php\/wp-json\/wp\/v2\/media?parent=224"}],"curies":[{"name":"wp","href":"https:\/\/api.w.org\/{rel}","templated":true}]}}