{"id":164,"date":"2017-03-22T16:07:43","date_gmt":"2017-03-22T15:07:43","guid":{"rendered":"http:\/\/le-chaf.be\/?page_id=164"},"modified":"2024-03-20T19:50:48","modified_gmt":"2024-03-20T18:50:48","slug":"service-residentiel-pour-adultes-s-r-a","status":"publish","type":"page","link":"https:\/\/le-chaf.be\/index.php\/service-residentiel-pour-adultes-s-r-a\/","title":{"rendered":"Service R\u00e9sidentiel pour Adultes (S.R.A.)"},"content":{"rendered":"<p><img loading=\"lazy\" decoding=\"async\" class=\"size-medium wp-image-342 alignleft\" src=\"https:\/\/le-chaf.be\/wp-content\/uploads\/2017\/03\/6201-300x225.jpeg\" alt=\"\" width=\"300\" height=\"225\" srcset=\"https:\/\/le-chaf.be\/wp-content\/uploads\/2017\/03\/6201-300x225.jpeg 300w, https:\/\/le-chaf.be\/wp-content\/uploads\/2017\/03\/6201.jpeg 640w\" sizes=\"auto, (max-width: 300px) 100vw, 300px\" \/><\/p>\n<p>Ouvert 365 jours par an, 24h\/24, le Service R\u00e9sidentiel pour Adultes (S.R.A.) est compos\u00e9 de trois unit\u00e9s de vie.<\/p>\n<p><img loading=\"lazy\" decoding=\"async\" class=\"size-medium wp-image-344 alignright\" src=\"https:\/\/le-chaf.be\/wp-content\/uploads\/2017\/03\/6202-300x225.jpeg\" alt=\"\" width=\"300\" height=\"225\" srcset=\"https:\/\/le-chaf.be\/wp-content\/uploads\/2017\/03\/6202-300x225.jpeg 300w, https:\/\/le-chaf.be\/wp-content\/uploads\/2017\/03\/6202.jpeg 640w\" sizes=\"auto, (max-width: 300px) 100vw, 300px\" \/><\/p>\n<p>Toutes les unit\u00e9s de vie comportent:<\/p>\n<ul>\n<li>un s\u00e9jour;<\/li>\n<li>une salle \u00e0 manger;<\/li>\n<li>une petite cuisine;<\/li>\n<li>des chambres individuelles ou doubles;<\/li>\n<li>une salle de bain<\/li>\n<\/ul>\n<p><img loading=\"lazy\" decoding=\"async\" class=\"size-medium wp-image-343 alignleft\" src=\"https:\/\/le-chaf.be\/wp-content\/uploads\/2017\/03\/ATT_1496829160192_6204-300x225.jpeg\" alt=\"\" width=\"300\" height=\"225\" srcset=\"https:\/\/le-chaf.be\/wp-content\/uploads\/2017\/03\/ATT_1496829160192_6204-300x225.jpeg 300w, https:\/\/le-chaf.be\/wp-content\/uploads\/2017\/03\/ATT_1496829160192_6204.jpeg 640w\" sizes=\"auto, (max-width: 300px) 100vw, 300px\" \/><\/p>\n<p>Le service r\u00e9sidentiel est arbor\u00e9 d&rsquo;un spacieux cadre de verdure. Des activit\u00e9s de loisirs sont propos\u00e9es le week-end et en soir\u00e9e, les journ\u00e9es sont consacr\u00e9es aux ateliers occupationnels (S.A.J.A.) ainsi qu&rsquo;aux prises en charge sp\u00e9cifiques.<\/p>\n<p><img loading=\"lazy\" decoding=\"async\" class=\"alignnone size-medium wp-image-1276\" src=\"https:\/\/le-chaf.be\/wp-content\/uploads\/2023\/05\/20221215_082815-300x225.jpg\" alt=\"\" width=\"300\" height=\"225\" srcset=\"https:\/\/le-chaf.be\/wp-content\/uploads\/2023\/05\/20221215_082815-300x225.jpg 300w, https:\/\/le-chaf.be\/wp-content\/uploads\/2023\/05\/20221215_082815-1024x768.jpg 1024w, https:\/\/le-chaf.be\/wp-content\/uploads\/2023\/05\/20221215_082815-768x576.jpg 768w, https:\/\/le-chaf.be\/wp-content\/uploads\/2023\/05\/20221215_082815-1536x1152.jpg 1536w, https:\/\/le-chaf.be\/wp-content\/uploads\/2023\/05\/20221215_082815-2048x1536.jpg 2048w, https:\/\/le-chaf.be\/wp-content\/uploads\/2023\/05\/20221215_082815-400x300.jpg 400w\" sizes=\"auto, (max-width: 300px) 100vw, 300px\" \/><\/p>\n","protected":false},"excerpt":{"rendered":"<p>Ouvert 365 jours par an, 24h\/24, le Service R\u00e9sidentiel pour Adultes (S.R.A.) est compos\u00e9 de trois unit\u00e9s de vie. Toutes les unit\u00e9s de vie comportent: un s\u00e9jour; une salle \u00e0 manger; une petite cuisine; des chambres individuelles ou doubles; une salle de bain Le service r\u00e9sidentiel est arbor\u00e9 d&rsquo;un spacieux cadre de verdure. Des activit\u00e9s&hellip; <a class=\"more-link\" href=\"https:\/\/le-chaf.be\/index.php\/service-residentiel-pour-adultes-s-r-a\/\">Read More <span class=\"screen-reader-text\">Service R\u00e9sidentiel pour Adultes (S.R.A.)<\/span><\/a><\/p>\n","protected":false},"author":1,"featured_media":0,"parent":0,"menu_order":0,"comment_status":"closed","ping_status":"closed","template":"","meta":{"footnotes":""},"class_list":["post-164","page","type-page","status-publish","hentry"],"_links":{"self":[{"href":"https:\/\/le-chaf.be\/index.php\/wp-json\/wp\/v2\/pages\/164","targetHints":{"allow":["GET"]}}],"collection":[{"href":"https:\/\/le-chaf.be\/index.php\/wp-json\/wp\/v2\/pages"}],"about":[{"href":"https:\/\/le-chaf.be\/index.php\/wp-json\/wp\/v2\/types\/page"}],"author":[{"embeddable":true,"href":"https:\/\/le-chaf.be\/index.php\/wp-json\/wp\/v2\/users\/1"}],"replies":[{"embeddable":true,"href":"https:\/\/le-chaf.be\/index.php\/wp-json\/wp\/v2\/comments?post=164"}],"version-history":[{"count":8,"href":"https:\/\/le-chaf.be\/index.php\/wp-json\/wp\/v2\/pages\/164\/revisions"}],"predecessor-version":[{"id":1277,"href":"https:\/\/le-chaf.be\/index.php\/wp-json\/wp\/v2\/pages\/164\/revisions\/1277"}],"wp:attachment":[{"href":"https:\/\/le-chaf.be\/index.php\/wp-json\/wp\/v2\/media?parent=164"}],"curies":[{"name":"wp","href":"https:\/\/api.w.org\/{rel}","templated":true}]}}