{"id":1310,"date":"2026-04-17T15:38:51","date_gmt":"2026-04-17T13:38:51","guid":{"rendered":"https:\/\/le-chaf.be\/?page_id=1310"},"modified":"2026-04-17T15:49:27","modified_gmt":"2026-04-17T13:49:27","slug":"pour-postuler","status":"publish","type":"page","link":"https:\/\/le-chaf.be\/index.php\/pour-postuler\/","title":{"rendered":"Postuler au Chaf"},"content":{"rendered":"\n<p>Vous souhaitez nous transmettre une candidature spontan\u00e9e, r\u00e9pondre \u00e0 une offre d\u2019emploi ou introduire une demande de stage ? Le service des ressources humaines est votre interlocuteur privil\u00e9gi\u00e9.<\/p>\n\n\n\n<p>Nous vous invitons \u00e0 envoyer votre candidature en pr\u00e9cisant l\u2019objet de votre demande, accompagn\u00e9e de votre CV et tout document compl\u00e9mentaire.<\/p>\n\n\n\n<p><strong>Service des ressources humaines<\/strong> : <strong>Monsieur Pierre Anskens<\/strong><br>T\u00e9l. : 071\/38.62.80 ou 071\/38.41.46<br>E-mail : <a>rh@le-chaf.be<\/a><\/p>\n\n\n\n<p><\/p>\n","protected":false},"excerpt":{"rendered":"<p>Vous souhaitez nous transmettre une candidature spontan\u00e9e, r\u00e9pondre \u00e0 une offre d\u2019emploi ou introduire une demande de stage ? Le service des ressources humaines est votre interlocuteur privil\u00e9gi\u00e9. Nous vous invitons \u00e0 envoyer votre candidature en pr\u00e9cisant l\u2019objet de votre demande, accompagn\u00e9e de votre CV et tout document compl\u00e9mentaire. Service des ressources humaines : Monsieur&hellip; <a class=\"more-link\" href=\"https:\/\/le-chaf.be\/index.php\/pour-postuler\/\">Read More <span class=\"screen-reader-text\">Postuler au Chaf<\/span><\/a><\/p>\n","protected":false},"author":1,"featured_media":0,"parent":0,"menu_order":0,"comment_status":"closed","ping_status":"closed","template":"","meta":{"footnotes":""},"class_list":["post-1310","page","type-page","status-publish","hentry"],"_links":{"self":[{"href":"https:\/\/le-chaf.be\/index.php\/wp-json\/wp\/v2\/pages\/1310","targetHints":{"allow":["GET"]}}],"collection":[{"href":"https:\/\/le-chaf.be\/index.php\/wp-json\/wp\/v2\/pages"}],"about":[{"href":"https:\/\/le-chaf.be\/index.php\/wp-json\/wp\/v2\/types\/page"}],"author":[{"embeddable":true,"href":"https:\/\/le-chaf.be\/index.php\/wp-json\/wp\/v2\/users\/1"}],"replies":[{"embeddable":true,"href":"https:\/\/le-chaf.be\/index.php\/wp-json\/wp\/v2\/comments?post=1310"}],"version-history":[{"count":4,"href":"https:\/\/le-chaf.be\/index.php\/wp-json\/wp\/v2\/pages\/1310\/revisions"}],"predecessor-version":[{"id":1320,"href":"https:\/\/le-chaf.be\/index.php\/wp-json\/wp\/v2\/pages\/1310\/revisions\/1320"}],"wp:attachment":[{"href":"https:\/\/le-chaf.be\/index.php\/wp-json\/wp\/v2\/media?parent=1310"}],"curies":[{"name":"wp","href":"https:\/\/api.w.org\/{rel}","templated":true}]}}