{"id":1281,"date":"2023-05-23T15:56:10","date_gmt":"2023-05-23T13:56:10","guid":{"rendered":"https:\/\/le-chaf.be\/?page_id=1281"},"modified":"2024-03-20T19:50:48","modified_gmt":"2024-03-20T18:50:48","slug":"le-chaf-a-25-ans","status":"publish","type":"page","link":"https:\/\/le-chaf.be\/index.php\/le-chaf-a-25-ans\/","title":{"rendered":"Le CHAF a 25 ans"},"content":{"rendered":"\n<p>Plusieurs festivit\u00e9s : <\/p>\n\n\n\n<p>march\u00e9 aux fleurs le 12 mai<\/p>\n\n\n\n<figure class=\"wp-block-image size-large is-resized\"><img loading=\"lazy\" decoding=\"async\" src=\"https:\/\/le-chaf.be\/wp-content\/uploads\/2023\/05\/marche-fleurs-4-1024x768.jpg\" alt=\"\" class=\"wp-image-1282\" width=\"348\" height=\"261\" srcset=\"https:\/\/le-chaf.be\/wp-content\/uploads\/2023\/05\/marche-fleurs-4-1024x768.jpg 1024w, https:\/\/le-chaf.be\/wp-content\/uploads\/2023\/05\/marche-fleurs-4-300x225.jpg 300w, https:\/\/le-chaf.be\/wp-content\/uploads\/2023\/05\/marche-fleurs-4-768x576.jpg 768w, https:\/\/le-chaf.be\/wp-content\/uploads\/2023\/05\/marche-fleurs-4-1536x1152.jpg 1536w, https:\/\/le-chaf.be\/wp-content\/uploads\/2023\/05\/marche-fleurs-4-400x300.jpg 400w, https:\/\/le-chaf.be\/wp-content\/uploads\/2023\/05\/marche-fleurs-4.jpg 2048w\" sizes=\"auto, (max-width: 348px) 100vw, 348px\" \/><\/figure>\n\n\n\n<p>Porte Ouverte le 3 juin<\/p>\n\n\n\n<figure class=\"wp-block-image size-large\"><img loading=\"lazy\" decoding=\"async\" width=\"1024\" height=\"412\" src=\"https:\/\/le-chaf.be\/wp-content\/uploads\/2023\/05\/test1.jpg-1024x412.png\" alt=\"\" class=\"wp-image-1283\" srcset=\"https:\/\/le-chaf.be\/wp-content\/uploads\/2023\/05\/test1.jpg-1024x412.png 1024w, https:\/\/le-chaf.be\/wp-content\/uploads\/2023\/05\/test1.jpg-300x121.png 300w, https:\/\/le-chaf.be\/wp-content\/uploads\/2023\/05\/test1.jpg-768x309.png 768w, https:\/\/le-chaf.be\/wp-content\/uploads\/2023\/05\/test1.jpg-1536x618.png 1536w, https:\/\/le-chaf.be\/wp-content\/uploads\/2023\/05\/test1.jpg-2048x824.png 2048w, https:\/\/le-chaf.be\/wp-content\/uploads\/2023\/05\/test1.jpg-746x300.png 746w\" sizes=\"auto, (max-width: 1024px) 100vw, 1024px\" \/><\/figure>\n\n\n\n<p>Souper institutionnel le vendredi 6 octobre \u00e0 18h<\/p>\n\n\n\n<p><\/p>\n\n\n\n<p>Cyclocross le 21 octobre : la journ\u00e9e<\/p>\n\n\n\n<p><\/p>\n\n\n\n<p>Concert le 18 novembre 2023 : Harmonie Cellipontoise<\/p>\n\n\n\n<p><\/p>\n\n\n\n<p><a href=\"https:\/\/www.sudinfo.be\/id692882\/article\/2023-08-01\/le-chaf-centre-pour-adultes-en-situation-de-handicap-farciennes-fete-ses-25-ans\">https:\/\/www.sudinfo.be\/id692882\/article\/2023-08-01\/le-chaf-centre-pour-adultes-en-situation-de-handicap-farciennes-fete-ses-25-ans<\/a><\/p>\n","protected":false},"excerpt":{"rendered":"<p>Plusieurs festivit\u00e9s : march\u00e9 aux fleurs le 12 mai Porte Ouverte le 3 juin Souper institutionnel le vendredi 6 octobre \u00e0 18h Cyclocross le 21 octobre : la journ\u00e9e Concert le 18 novembre 2023 : Harmonie Cellipontoise https:\/\/www.sudinfo.be\/id692882\/article\/2023-08-01\/le-chaf-centre-pour-adultes-en-situation-de-handicap-farciennes-fete-ses-25-ans<\/p>\n","protected":false},"author":1,"featured_media":1225,"parent":0,"menu_order":0,"comment_status":"closed","ping_status":"closed","template":"","meta":{"footnotes":""},"class_list":["post-1281","page","type-page","status-publish","has-post-thumbnail","hentry"],"_links":{"self":[{"href":"https:\/\/le-chaf.be\/index.php\/wp-json\/wp\/v2\/pages\/1281","targetHints":{"allow":["GET"]}}],"collection":[{"href":"https:\/\/le-chaf.be\/index.php\/wp-json\/wp\/v2\/pages"}],"about":[{"href":"https:\/\/le-chaf.be\/index.php\/wp-json\/wp\/v2\/types\/page"}],"author":[{"embeddable":true,"href":"https:\/\/le-chaf.be\/index.php\/wp-json\/wp\/v2\/users\/1"}],"replies":[{"embeddable":true,"href":"https:\/\/le-chaf.be\/index.php\/wp-json\/wp\/v2\/comments?post=1281"}],"version-history":[{"count":5,"href":"https:\/\/le-chaf.be\/index.php\/wp-json\/wp\/v2\/pages\/1281\/revisions"}],"predecessor-version":[{"id":1293,"href":"https:\/\/le-chaf.be\/index.php\/wp-json\/wp\/v2\/pages\/1281\/revisions\/1293"}],"wp:featuredmedia":[{"embeddable":true,"href":"https:\/\/le-chaf.be\/index.php\/wp-json\/wp\/v2\/media\/1225"}],"wp:attachment":[{"href":"https:\/\/le-chaf.be\/index.php\/wp-json\/wp\/v2\/media?parent=1281"}],"curies":[{"name":"wp","href":"https:\/\/api.w.org\/{rel}","templated":true}]}}