{"id":1158,"date":"2022-03-24T14:20:31","date_gmt":"2022-03-24T13:20:31","guid":{"rendered":"http:\/\/le-chaf.be\/?page_id=1158"},"modified":"2024-03-20T19:50:48","modified_gmt":"2024-03-20T18:50:48","slug":"actualites","status":"publish","type":"page","link":"https:\/\/le-chaf.be\/","title":{"rendered":"Le CHAF"},"content":{"rendered":"\n<p>Le CHAF a ouvert ses portes le 1er octobre 1998,<\/p>\n\n\n\n<p>Dans un esprit familial, il accueille des adultes en situation de Handicap mental selon 3 services :<\/p>\n\n\n\n<p>Son service r\u00e9sidentiel est agr\u00e9\u00e9 pour 29 adultes et 3 conventions nominatives<\/p>\n\n\n\n<p>Son centre de jour agr\u00e9\u00e9 peut accueillir 28 b\u00e9n\u00e9ficiaires en journ\u00e9e.<\/p>\n\n\n\n<p>Son service de logement supervis\u00e9 suit 4 b\u00e9n\u00e9ficiaires agr\u00e9\u00e9s et 2 non-subventionn\u00e9s.<\/p>\n\n\n\n<p><\/p>\n\n\n\n<p><em>L&rsquo;\u00e9quipe se donne les moyens, par une nouvelle infrastructure, un plan de formation structurel et concert\u00e9, une capacit\u00e9 organisationnelle, d&rsquo;amener son accompagnement \u00e0 la prise en charge \u00e9volutive des b\u00e9n\u00e9ficiaires qui seront au centre de sa r\u00e9flexion et de ses actions en mettant en avant leurs forces &#8211; en les pla\u00e7ant au centre de leur projet.<\/em><\/p>\n\n\n\n<figure class=\"wp-block-image size-large\"><img loading=\"lazy\" decoding=\"async\" width=\"1024\" height=\"768\" src=\"https:\/\/le-chaf.be\/wp-content\/uploads\/2022\/03\/IMG_20190123_112455-1024x768.jpg\" alt=\"\" class=\"wp-image-1191\" srcset=\"https:\/\/le-chaf.be\/wp-content\/uploads\/2022\/03\/IMG_20190123_112455-1024x768.jpg 1024w, https:\/\/le-chaf.be\/wp-content\/uploads\/2022\/03\/IMG_20190123_112455-300x225.jpg 300w, https:\/\/le-chaf.be\/wp-content\/uploads\/2022\/03\/IMG_20190123_112455-768x576.jpg 768w, https:\/\/le-chaf.be\/wp-content\/uploads\/2022\/03\/IMG_20190123_112455-1536x1152.jpg 1536w, https:\/\/le-chaf.be\/wp-content\/uploads\/2022\/03\/IMG_20190123_112455-2048x1536.jpg 2048w, https:\/\/le-chaf.be\/wp-content\/uploads\/2022\/03\/IMG_20190123_112455-400x300.jpg 400w\" sizes=\"auto, (max-width: 1024px) 100vw, 1024px\" \/><\/figure>\n\n\n\n<p><\/p>\n","protected":false},"excerpt":{"rendered":"<p>Le CHAF a ouvert ses portes le 1er octobre 1998, Dans un esprit familial, il accueille des adultes en situation de Handicap mental selon 3 services : Son service r\u00e9sidentiel est agr\u00e9\u00e9 pour 29 adultes et 3 conventions nominatives Son centre de jour agr\u00e9\u00e9 peut accueillir 28 b\u00e9n\u00e9ficiaires en journ\u00e9e. Son service de logement supervis\u00e9&hellip; <a class=\"more-link\" href=\"https:\/\/le-chaf.be\/\">Read More <span class=\"screen-reader-text\">Le CHAF<\/span><\/a><\/p>\n","protected":false},"author":1,"featured_media":0,"parent":0,"menu_order":0,"comment_status":"closed","ping_status":"closed","template":"","meta":{"footnotes":""},"class_list":["post-1158","page","type-page","status-publish","hentry"],"_links":{"self":[{"href":"https:\/\/le-chaf.be\/index.php\/wp-json\/wp\/v2\/pages\/1158","targetHints":{"allow":["GET"]}}],"collection":[{"href":"https:\/\/le-chaf.be\/index.php\/wp-json\/wp\/v2\/pages"}],"about":[{"href":"https:\/\/le-chaf.be\/index.php\/wp-json\/wp\/v2\/types\/page"}],"author":[{"embeddable":true,"href":"https:\/\/le-chaf.be\/index.php\/wp-json\/wp\/v2\/users\/1"}],"replies":[{"embeddable":true,"href":"https:\/\/le-chaf.be\/index.php\/wp-json\/wp\/v2\/comments?post=1158"}],"version-history":[{"count":3,"href":"https:\/\/le-chaf.be\/index.php\/wp-json\/wp\/v2\/pages\/1158\/revisions"}],"predecessor-version":[{"id":1192,"href":"https:\/\/le-chaf.be\/index.php\/wp-json\/wp\/v2\/pages\/1158\/revisions\/1192"}],"wp:attachment":[{"href":"https:\/\/le-chaf.be\/index.php\/wp-json\/wp\/v2\/media?parent=1158"}],"curies":[{"name":"wp","href":"https:\/\/api.w.org\/{rel}","templated":true}]}}